{"id":39,"date":"2020-11-10T13:57:09","date_gmt":"2020-11-10T13:57:09","guid":{"rendered":"https:\/\/ultimateprotech.com\/?page_id=39"},"modified":"2021-12-22T16:38:55","modified_gmt":"2021-12-22T15:38:55","slug":"accueil","status":"publish","type":"page","link":"https:\/\/ultimateprocare.com\/","title":{"rendered":"Accueil"},"content":{"rendered":"<section id=\"about\" class=\"bg-white\">\n<div class=\"container-fluid\">\n<h1 class=\"text-center\">Ultimate Procare :<\/h1>\n<div class=\"row\">\n<div class=\"col-md-6 about-img\"><img decoding=\"async\" class=\"img-fluid\" src=\"https:\/\/ultimateprocare.com\/wp-content\/uploads\/2020\/11\/Ferrari-4-1.jpg\"><\/div>\n<div class=\"col-md-6 about-text\">\n<ul class=\"about-list\">\n<li>Centre agr\u00e9\u00e9 XPEL (Leader mondial du film de protection).<\/li>\n<li>Un atelier de 350m2 adapt\u00e9 \u00e0 tous types de v\u00e9hicules.<\/li>\n<li>Des professionnels dont l&rsquo;expertise est reconnue par des marques et des groupes automobiles comme par exemple <a href=\"https:\/\/www.lamborghini-paris.fr\">Lamborghini Paris<\/a>, <a href=\"https:\/\/www.lartdelautomobile.fr\">L&rsquo;Art de l&rsquo;Automobile<\/a> ou encore des cercles de passionn\u00e9s tel que le \u201c<a href=\"https:\/\/www.toysclub.fr\">Toys Club<\/a>\u201d.<\/li>\n<li>Transport des v\u00e9hicules r\u00e9alis\u00e9 par plateau.<\/li>\n<li>Accueil, Convivialit\u00e9 et Confidentialit\u00e9.<\/li>\n<\/ul>\n<\/div>\n<\/div>\n<\/div>\n<\/section>\n<section id=\"prestation\" class=\"bg-light\">\n<div class=\"container-fluid\">\n<h1 class=\"text-center\">Nos Prestations :<\/h1>\n<div class=\"col-md-12 services-list\">\n<p class=\"text-center\">Film de protection de carrosserie<\/p>\n<p class=\"text-center\">Film de protection pour pare-brise<\/p>\n<p class=\"text-center\">Traitement c\u00e9ramique des jantes et \u00e9triers<\/p>\n<p class=\"text-center\">Traitement c\u00e9ramique des vitrages<\/p>\n<p class=\"text-center\">\n<p class=\"text-center\">\n<p class=\"text-center\">\n<\/div>\n<\/div>\n<div class=\"container-fluid\">\n<div class=\"row\">\n<div id=\"carousel\" class=\"carousel slide\" data-ride=\"carousel\">\n<ol class=\"carousel-indicators\">\n<li class=\"active\" data-target=\"#carousel\" data-slide-to=\"0\"><\/li>\n<li data-target=\"#carousel\" data-slide-to=\"1\"><\/li>\n<li data-target=\"#carousel\" data-slide-to=\"2\"><\/li>\n<li data-target=\"#carousel\" data-slide-to=\"3\"><\/li>\n<\/ol>\n<div class=\"carousel-inner\">\n<div class=\"carousel-item active\">\n<div class=\"jumbotron text-center presta-1\"><\/div>\n<\/div>\n<div class=\"carousel-item\">\n<div class=\"jumbotron text-center presta-2\"><\/div>\n<\/div>\n<div class=\"carousel-item\">\n<div class=\"jumbotron text-center presta-3\"><\/div>\n<\/div>\n<div class=\"carousel-item\">\n<div class=\"jumbotron text-center presta-4\"><\/div>\n<\/div>\n<\/div>\n<p><a class=\"carousel-control-prev\" role=\"button\" href=\"#carousel\" data-slide=\"prev\"><i class=\"fas fa-angle-left \" aria-hidden=\"true\"><\/i><span class=\"sr-only\">Previous<\/span><\/a><a class=\"carousel-control-next\" role=\"button\" href=\"#carousel\" data-slide=\"next\"><i class=\"fas fa-angle-right\" aria-hidden=\"true\"><\/i><span class=\"sr-only\">Next<\/span><\/a><\/p>\n<\/div>\n<\/div>\n<\/div>\n<\/section>\n<section id=\"gallery\" class=\"bg-less-light\">\n<div class=\"container\">\n<div class=\"row portfolio-container\" data-aos=\"fade-up\" data-aos-duration=\"50\">\n<div class=\"col-lg-4 col-md-6 portfolio-item filter-web\">\n<div class=\"portfolio-img\"><\/div>\n<\/div>\n<div class=\"col-lg-4 col-md-6 portfolio-item filter-branding\">\n<div class=\"portfolio-img\"><\/div>\n<\/div>\n<div class=\"col-lg-4 col-md-6 portfolio-item filter-graphs\">\n<div class=\"portfolio-img\"><\/div>\n<\/div>\n<div class=\"col-lg-4 col-md-6 portfolio-item filter-website\">\n<div class=\"portfolio-img\"><\/div>\n<\/div>\n<div class=\"col-lg-4 col-md-6 portfolio-item filter-webdev\">\n<div class=\"portfolio-img\"><\/div>\n<\/div>\n<div class=\"col-lg-4 col-md-6 portfolio-item filter-branding\">\n<div class=\"portfolio-img\"><\/div>\n<\/div>\n<\/div>\n<div class=\"d-flex justify-content-center text-center fsdm-font-color-light\">\n<h1 class=\"text-center\"><a href=\"https:\/\/ultimateprocare.com\/?page_id=35\"><button id=\"sendMessageButton\" class=\"btn btn-secondary btn-xl text-uppercase\" type=\"submit\">Voir nos r\u00e9alisations<\/button><\/a><\/h1>\n<\/div>\n<\/div>\n<\/section>\n<section id=\"fDePro\">\n<div class=\"jumbotron jumbotron-fluid up-jumbo\">\n<div class=\"container\">\n<h4 class=\"up-sub front\">Le film de protection de carrosserie, appel\u00e9 \u00e9galement PPF, pourquoi :<\/h4>\n<p class=\"lead\">\n<ul class=\"font-weight-bold front\">\n<li style=\"text-align: left;\">Pr\u00e9server sa peinture de diff\u00e9rents types d\u2019agression (projections de la route, sorties de stationnement, actes de vandalisme tels les coups de cl\u00e9\u2026)<\/li>\n<li style=\"text-align: left;\">Apporte une filtration contre les UV \u00e0 l\u2019origine de la d\u00e9coloration de la peinture.<\/li>\n<li style=\"text-align: left;\">Facilite l\u2019entretien gr\u00e2ce \u00e0 deux technologies, l\u2019une thermo cicatrisante et l\u2019autre hydrofuge. Ainsi, exit les microrayures et l\u2019encrassement.<\/li>\n<li style=\"text-align: left;\">Prestations r\u00e9alis\u00e9es exclusivement par le biais de d\u00e9coupe num\u00e9rique<\/li>\n<li style=\"text-align: left;\">B\u00e9n\u00e9ficie de 10 ans de garantie contre le jaunissement, la peau d\u2019orange et le craquellement<\/li>\n<li>\n<p style=\"text-align: left;\">Facilit\u00e9 et rapidit\u00e9 d\u2019intervention si un film doit \u00eatre remplac\u00e9<\/p>\n<\/li>\n<\/ul>\n<\/div>\n<\/div>\n<\/section>\n<section id=\"contact\" class=\"page-section\">\n<div class=\"container\">\n<div class=\"text-center\">\n<h1 class=\"white\">Contact<\/h1>\n<h3 class=\"section-subheading text-muted\">Pour plus d&rsquo;informations.<\/h3>\n<div role=\"form\" class=\"wpcf7\" id=\"wpcf7-f75-o1\" lang=\"en-US\" dir=\"ltr\">\n<div class=\"screen-reader-response\"><p role=\"status\" aria-live=\"polite\" aria-atomic=\"true\"><\/p> <ul><\/ul><\/div>\n<form action=\"\/index.php?rest_route=%2Fwp%2Fv2%2Fpages%2F39#wpcf7-f75-o1\" method=\"post\" class=\"wpcf7-form init\" novalidate=\"novalidate\" data-status=\"init\">\n<div style=\"display: none;\">\n<input type=\"hidden\" name=\"_wpcf7\" value=\"75\" \/>\n<input type=\"hidden\" name=\"_wpcf7_version\" value=\"5.5.6\" \/>\n<input type=\"hidden\" name=\"_wpcf7_locale\" value=\"en_US\" \/>\n<input type=\"hidden\" name=\"_wpcf7_unit_tag\" value=\"wpcf7-f75-o1\" \/>\n<input type=\"hidden\" name=\"_wpcf7_container_post\" value=\"0\" \/>\n<input type=\"hidden\" name=\"_wpcf7_posted_data_hash\" value=\"\" \/>\n<\/div>\n<hr \/>\n<div class=\"row\">\n<div class=\"col-md-4\">\n    <span class=\"wpcf7-form-control-wrap your-name\"><input type=\"text\" name=\"your-name\" value=\"\" size=\"40\" class=\"wpcf7-form-control wpcf7-text wpcf7-validates-as-required form-control\" aria-required=\"true\" aria-invalid=\"false\" placeholder=\"Votre nom (requis)\" \/><\/span>\n  <\/div>\n<div class=\"col-md-4\">\n    <span class=\"wpcf7-form-control-wrap your-email\"><input type=\"email\" name=\"your-email\" value=\"\" size=\"40\" class=\"wpcf7-form-control wpcf7-text wpcf7-email wpcf7-validates-as-required wpcf7-validates-as-email form-control\" aria-required=\"true\" aria-invalid=\"false\" placeholder=\"Votre email (requis)\" \/><\/span>\n  <\/div>\n<div class=\"col-md-4\">\n    <span class=\"wpcf7-form-control-wrap your-subject\"><input type=\"text\" name=\"your-subject\" value=\"\" size=\"40\" class=\"wpcf7-form-control wpcf7-text form-control\" aria-invalid=\"false\" placeholder=\"Sujet\" \/><\/span>\n  <\/div>\n<\/div>\n<p> <!-- end of .row --><\/p>\n<hr \/>\n<div class=\"row\">\n<div class=\"col-md-12\">\n    <span class=\"wpcf7-form-control-wrap your-message\"><textarea name=\"your-message\" cols=\"40\" rows=\"10\" class=\"wpcf7-form-control wpcf7-textarea form-control\" aria-invalid=\"false\" placeholder=\"Message\"><\/textarea><\/span>\n  <\/div>\n<\/div>\n<hr \/>\n<div class=\"row\">\n<div class=\"col-sm-12\">\n    <span class=\"wpcf7-form-control-wrap your-RGPD\"><span class=\"wpcf7-form-control wpcf7-checkbox wpcf7-validates-as-required\"><span class=\"wpcf7-list-item first last\"><input type=\"checkbox\" name=\"your-RGPD[]\" value=\"Aucune donn\u00e9e personnelle n\u2019est conserv\u00e9e par notre site via ce formulaire\" \/><span class=\"wpcf7-list-item-label\">Aucune donn\u00e9e personnelle n\u2019est conserv\u00e9e par notre site via ce formulaire<\/span><\/span><\/span><\/span><\/p>\n<hr \/>\n    <input type=\"submit\" value=\"Envoyer\" class=\"wpcf7-form-control has-spinner wpcf7-submit btn-block btn btn-secondary btn-lg\" \/>\n  <\/div>\n<\/div>\n<div class=\"wpcf7-response-output\" aria-hidden=\"true\"><\/div><\/form><\/div>\n<\/div>\n<\/div>\n<\/section>\n","protected":false},"excerpt":{"rendered":"<p>Ultimate Procare : Centre agr\u00e9\u00e9 XPEL (Leader mondial du film de protection). Un atelier de 350m2 adapt\u00e9 \u00e0 tous types de v\u00e9hicules. Des professionnels dont l&rsquo;expertise est reconnue par des marques et des groupes automobiles comme par exemple Lamborghini Paris, L&rsquo;Art de l&rsquo;Automobile ou encore des cercles de passionn\u00e9s tel que le \u201cToys Club\u201d. Transport [&hellip;]<\/p>\n","protected":false},"author":1,"featured_media":0,"parent":0,"menu_order":0,"comment_status":"closed","ping_status":"closed","template":"fullwidth.php","meta":{"footnotes":""},"class_list":["post-39","page","type-page","status-publish","hentry"],"yoast_head":"<!-- This site is optimized with the Yoast SEO plugin v18.5.1 - https:\/\/yoast.com\/wordpress\/plugins\/seo\/ -->\n<title>Accueil - Ultimate Procare<\/title>\n<meta name=\"robots\" content=\"index, follow, max-snippet:-1, max-image-preview:large, max-video-preview:-1\" \/>\n<link rel=\"canonical\" href=\"https:\/\/ultimateprocare.com\/\" \/>\n<meta property=\"og:locale\" content=\"fr_FR\" \/>\n<meta property=\"og:type\" content=\"article\" \/>\n<meta property=\"og:title\" content=\"Accueil - Ultimate Procare\" \/>\n<meta property=\"og:description\" content=\"Ultimate Procare : Centre agr\u00e9\u00e9 XPEL (Leader mondial du film de protection). Un atelier de 350m2 adapt\u00e9 \u00e0 tous types de v\u00e9hicules. Des professionnels dont l&rsquo;expertise est reconnue par des marques et des groupes automobiles comme par exemple Lamborghini Paris, L&rsquo;Art de l&rsquo;Automobile ou encore des cercles de passionn\u00e9s tel que le \u201cToys Club\u201d. Transport [&hellip;]\" \/>\n<meta property=\"og:url\" content=\"https:\/\/ultimateprocare.com\/\" \/>\n<meta property=\"og:site_name\" content=\"Ultimate Procare\" \/>\n<meta property=\"article:modified_time\" content=\"2021-12-22T15:38:55+00:00\" \/>\n<meta property=\"og:image\" content=\"https:\/\/ultimateprocare.com\/wp-content\/uploads\/2020\/11\/Ferrari-4-1.jpg\" \/>\n<meta name=\"twitter:card\" content=\"summary_large_image\" \/>\n<meta name=\"twitter:label1\" content=\"Dur\u00e9e de lecture estim\u00e9e\" \/>\n\t<meta name=\"twitter:data1\" content=\"2 minutes\" \/>\n<script type=\"application\/ld+json\" class=\"yoast-schema-graph\">{\"@context\":\"https:\/\/schema.org\",\"@graph\":[{\"@type\":\"WebSite\",\"@id\":\"https:\/\/ultimateprocare.com\/#website\",\"url\":\"https:\/\/ultimateprocare.com\/\",\"name\":\"Ultimate Procare\",\"description\":\"\",\"potentialAction\":[{\"@type\":\"SearchAction\",\"target\":{\"@type\":\"EntryPoint\",\"urlTemplate\":\"https:\/\/ultimateprocare.com\/?s={search_term_string}\"},\"query-input\":\"required name=search_term_string\"}],\"inLanguage\":\"fr-FR\"},{\"@type\":\"ImageObject\",\"@id\":\"https:\/\/ultimateprocare.com\/#primaryimage\",\"inLanguage\":\"fr-FR\",\"url\":\"https:\/\/ultimateprocare.com\/wp-content\/uploads\/2020\/11\/Ferrari-4-1.jpg\",\"contentUrl\":\"https:\/\/ultimateprocare.com\/wp-content\/uploads\/2020\/11\/Ferrari-4-1.jpg\",\"width\":1500,\"height\":2000},{\"@type\":\"WebPage\",\"@id\":\"https:\/\/ultimateprocare.com\/#webpage\",\"url\":\"https:\/\/ultimateprocare.com\/\",\"name\":\"Accueil - Ultimate Procare\",\"isPartOf\":{\"@id\":\"https:\/\/ultimateprocare.com\/#website\"},\"primaryImageOfPage\":{\"@id\":\"https:\/\/ultimateprocare.com\/#primaryimage\"},\"datePublished\":\"2020-11-10T13:57:09+00:00\",\"dateModified\":\"2021-12-22T15:38:55+00:00\",\"breadcrumb\":{\"@id\":\"https:\/\/ultimateprocare.com\/#breadcrumb\"},\"inLanguage\":\"fr-FR\",\"potentialAction\":[{\"@type\":\"ReadAction\",\"target\":[\"https:\/\/ultimateprocare.com\/\"]}]},{\"@type\":\"BreadcrumbList\",\"@id\":\"https:\/\/ultimateprocare.com\/#breadcrumb\",\"itemListElement\":[{\"@type\":\"ListItem\",\"position\":1,\"name\":\"Accueil\",\"item\":\"https:\/\/ultimateprocare.com\/\"},{\"@type\":\"ListItem\",\"position\":2,\"name\":\"Accueil\"}]}]}<\/script>\n<!-- \/ Yoast SEO plugin. -->","yoast_head_json":{"title":"Accueil - Ultimate Procare","robots":{"index":"index","follow":"follow","max-snippet":"max-snippet:-1","max-image-preview":"max-image-preview:large","max-video-preview":"max-video-preview:-1"},"canonical":"https:\/\/ultimateprocare.com\/","og_locale":"fr_FR","og_type":"article","og_title":"Accueil - Ultimate Procare","og_description":"Ultimate Procare : Centre agr\u00e9\u00e9 XPEL (Leader mondial du film de protection). Un atelier de 350m2 adapt\u00e9 \u00e0 tous types de v\u00e9hicules. Des professionnels dont l&rsquo;expertise est reconnue par des marques et des groupes automobiles comme par exemple Lamborghini Paris, L&rsquo;Art de l&rsquo;Automobile ou encore des cercles de passionn\u00e9s tel que le \u201cToys Club\u201d. Transport [&hellip;]","og_url":"https:\/\/ultimateprocare.com\/","og_site_name":"Ultimate Procare","article_modified_time":"2021-12-22T15:38:55+00:00","og_image":[{"url":"https:\/\/ultimateprocare.com\/wp-content\/uploads\/2020\/11\/Ferrari-4-1.jpg"}],"twitter_card":"summary_large_image","twitter_misc":{"Dur\u00e9e de lecture estim\u00e9e":"2 minutes"},"schema":{"@context":"https:\/\/schema.org","@graph":[{"@type":"WebSite","@id":"https:\/\/ultimateprocare.com\/#website","url":"https:\/\/ultimateprocare.com\/","name":"Ultimate Procare","description":"","potentialAction":[{"@type":"SearchAction","target":{"@type":"EntryPoint","urlTemplate":"https:\/\/ultimateprocare.com\/?s={search_term_string}"},"query-input":"required name=search_term_string"}],"inLanguage":"fr-FR"},{"@type":"ImageObject","@id":"https:\/\/ultimateprocare.com\/#primaryimage","inLanguage":"fr-FR","url":"https:\/\/ultimateprocare.com\/wp-content\/uploads\/2020\/11\/Ferrari-4-1.jpg","contentUrl":"https:\/\/ultimateprocare.com\/wp-content\/uploads\/2020\/11\/Ferrari-4-1.jpg","width":1500,"height":2000},{"@type":"WebPage","@id":"https:\/\/ultimateprocare.com\/#webpage","url":"https:\/\/ultimateprocare.com\/","name":"Accueil - Ultimate Procare","isPartOf":{"@id":"https:\/\/ultimateprocare.com\/#website"},"primaryImageOfPage":{"@id":"https:\/\/ultimateprocare.com\/#primaryimage"},"datePublished":"2020-11-10T13:57:09+00:00","dateModified":"2021-12-22T15:38:55+00:00","breadcrumb":{"@id":"https:\/\/ultimateprocare.com\/#breadcrumb"},"inLanguage":"fr-FR","potentialAction":[{"@type":"ReadAction","target":["https:\/\/ultimateprocare.com\/"]}]},{"@type":"BreadcrumbList","@id":"https:\/\/ultimateprocare.com\/#breadcrumb","itemListElement":[{"@type":"ListItem","position":1,"name":"Accueil","item":"https:\/\/ultimateprocare.com\/"},{"@type":"ListItem","position":2,"name":"Accueil"}]}]}},"_links":{"self":[{"href":"https:\/\/ultimateprocare.com\/index.php?rest_route=\/wp\/v2\/pages\/39","targetHints":{"allow":["GET"]}}],"collection":[{"href":"https:\/\/ultimateprocare.com\/index.php?rest_route=\/wp\/v2\/pages"}],"about":[{"href":"https:\/\/ultimateprocare.com\/index.php?rest_route=\/wp\/v2\/types\/page"}],"author":[{"embeddable":true,"href":"https:\/\/ultimateprocare.com\/index.php?rest_route=\/wp\/v2\/users\/1"}],"replies":[{"embeddable":true,"href":"https:\/\/ultimateprocare.com\/index.php?rest_route=%2Fwp%2Fv2%2Fcomments&post=39"}],"version-history":[{"count":122,"href":"https:\/\/ultimateprocare.com\/index.php?rest_route=\/wp\/v2\/pages\/39\/revisions"}],"predecessor-version":[{"id":461,"href":"https:\/\/ultimateprocare.com\/index.php?rest_route=\/wp\/v2\/pages\/39\/revisions\/461"}],"wp:attachment":[{"href":"https:\/\/ultimateprocare.com\/index.php?rest_route=%2Fwp%2Fv2%2Fmedia&parent=39"}],"curies":[{"name":"wp","href":"https:\/\/api.w.org\/{rel}","templated":true}]}}